{"id":240,"date":"2025-07-28T19:14:36","date_gmt":"2025-07-28T17:14:36","guid":{"rendered":"https:\/\/realpix.fr\/fic\/?page_id=240"},"modified":"2025-08-19T13:38:02","modified_gmt":"2025-08-19T11:38:02","slug":"qui-sommes-nous","status":"publish","type":"page","link":"https:\/\/realpix.fr\/fic\/qui-sommes-nous\/","title":{"rendered":"Qui sommes-nous ?"},"content":{"rendered":"\t\t<div data-elementor-type=\"wp-page\" data-elementor-id=\"240\" class=\"elementor elementor-240\" data-elementor-settings=\"{&quot;element_pack_global_tooltip_width&quot;:{&quot;unit&quot;:&quot;px&quot;,&quot;size&quot;:&quot;&quot;,&quot;sizes&quot;:[]},&quot;element_pack_global_tooltip_width_tablet&quot;:{&quot;unit&quot;:&quot;px&quot;,&quot;size&quot;:&quot;&quot;,&quot;sizes&quot;:[]},&quot;element_pack_global_tooltip_width_mobile&quot;:{&quot;unit&quot;:&quot;px&quot;,&quot;size&quot;:&quot;&quot;,&quot;sizes&quot;:[]},&quot;element_pack_global_tooltip_padding&quot;:{&quot;unit&quot;:&quot;px&quot;,&quot;top&quot;:&quot;&quot;,&quot;right&quot;:&quot;&quot;,&quot;bottom&quot;:&quot;&quot;,&quot;left&quot;:&quot;&quot;,&quot;isLinked&quot;:true},&quot;element_pack_global_tooltip_padding_tablet&quot;:{&quot;unit&quot;:&quot;px&quot;,&quot;top&quot;:&quot;&quot;,&quot;right&quot;:&quot;&quot;,&quot;bottom&quot;:&quot;&quot;,&quot;left&quot;:&quot;&quot;,&quot;isLinked&quot;:true},&quot;element_pack_global_tooltip_padding_mobile&quot;:{&quot;unit&quot;:&quot;px&quot;,&quot;top&quot;:&quot;&quot;,&quot;right&quot;:&quot;&quot;,&quot;bottom&quot;:&quot;&quot;,&quot;left&quot;:&quot;&quot;,&quot;isLinked&quot;:true},&quot;element_pack_global_tooltip_border_radius&quot;:{&quot;unit&quot;:&quot;px&quot;,&quot;top&quot;:&quot;&quot;,&quot;right&quot;:&quot;&quot;,&quot;bottom&quot;:&quot;&quot;,&quot;left&quot;:&quot;&quot;,&quot;isLinked&quot;:true},&quot;element_pack_global_tooltip_border_radius_tablet&quot;:{&quot;unit&quot;:&quot;px&quot;,&quot;top&quot;:&quot;&quot;,&quot;right&quot;:&quot;&quot;,&quot;bottom&quot;:&quot;&quot;,&quot;left&quot;:&quot;&quot;,&quot;isLinked&quot;:true},&quot;element_pack_global_tooltip_border_radius_mobile&quot;:{&quot;unit&quot;:&quot;px&quot;,&quot;top&quot;:&quot;&quot;,&quot;right&quot;:&quot;&quot;,&quot;bottom&quot;:&quot;&quot;,&quot;left&quot;:&quot;&quot;,&quot;isLinked&quot;:true}}\">\n\t\t\t\t<div class=\"elementor-element elementor-element-14a015a e-flex e-con-boxed e-con e-parent\" data-id=\"14a015a\" data-element_type=\"container\" data-settings=\"{&quot;background_background&quot;:&quot;classic&quot;}\">\n\t\t\t\t\t<div class=\"e-con-inner\">\n\t\t<div class=\"elementor-element elementor-element-bc7918c e-con-full e-flex e-con e-child\" data-id=\"bc7918c\" data-element_type=\"container\">\n\t\t<div class=\"elementor-element elementor-element-cd48107 e-con-full e-flex e-con e-child\" data-id=\"cd48107\" data-element_type=\"container\">\n\t\t<div class=\"elementor-element elementor-element-8678a0b e-con-full e-flex elementor-invisible e-con e-child\" data-id=\"8678a0b\" data-element_type=\"container\" data-settings=\"{&quot;animation&quot;:&quot;fadeInLeft&quot;}\">\n\t\t\t\t<div class=\"elementor-element elementor-element-930b6c3  ui-split-animate ui-splitby-chars elementor-widget elementor-widget-heading\" data-id=\"930b6c3\" data-element_type=\"widget\" data-settings=\"{&quot;ui_animate_split&quot;:&quot;ui-split-animate&quot;,&quot;ui_animate_split_by&quot;:&quot;chars&quot;,&quot;ui_animate_split_style&quot;:&quot;fadeInUp&quot;}\" data-widget_type=\"heading.default\">\n\t\t\t\t\t<h1 class=\"elementor-heading-title elementor-size-default\">Qui sommes-nous ?<\/h1>\t\t\t\t<\/div>\n\t\t\t\t<div class=\"elementor-element elementor-element-3a55d52 elementor-widget-divider--view-line elementor-widget elementor-widget-divider\" data-id=\"3a55d52\" data-element_type=\"widget\" data-widget_type=\"divider.default\">\n\t\t\t\t\t\t\t<div class=\"elementor-divider\">\n\t\t\t<span class=\"elementor-divider-separator\">\n\t\t\t\t\t\t<\/span>\n\t\t<\/div>\n\t\t\t\t\t\t<\/div>\n\t\t\t\t<div class=\"elementor-element elementor-element-8c215af elementor-widget elementor-widget-heading\" data-id=\"8c215af\" data-element_type=\"widget\" data-widget_type=\"heading.default\">\n\t\t\t\t\t<h5 class=\"elementor-heading-title elementor-size-default\">- Notre philosophie<\/h5>\t\t\t\t<\/div>\n\t\t\t\t<div class=\"elementor-element elementor-element-a91f223 elementor-widget elementor-widget-text-editor\" data-id=\"a91f223\" data-element_type=\"widget\" data-widget_type=\"text-editor.default\">\n\t\t\t\t\t\t\t\t\t<p>La <strong>Fabrique d<\/strong><strong>\u2019<\/strong><strong>Images Citoyennes<\/strong> est un projet phare de <strong>Prod&rsquo;Cit<\/strong><strong>\u00e9<\/strong>, une association culturelle implant\u00e9e \u00e0 Tours au sein de l\u2019Association Jeunesse et Habitat, engag\u00e9e depuis plusieurs ann\u00e9es dans l\u2019\u00e9ducation aux m\u00e9dias et \u00e0 l\u2019information. Notre espace est un v\u00e9ritable laboratoire de cr\u00e9ation et d\u2019\u00e9changes o\u00f9 citoyens, jeunes, associations et institutions se r\u00e9unissent pour explorer ensemble la place fondamentale des images dans notre soci\u00e9t\u00e9.<\/p>\t\t\t\t\t\t\t\t<\/div>\n\t\t\t\t<\/div>\n\t\t<div class=\"elementor-element elementor-element-1569e47 elementor-hidden-mobile e-con-full e-flex e-con e-child\" data-id=\"1569e47\" data-element_type=\"container\">\n\t\t\t\t<div class=\"elementor-element elementor-element-7cec295 elementor-widget elementor-widget-image\" data-id=\"7cec295\" data-element_type=\"widget\" data-widget_type=\"image.default\">\n\t\t\t\t\t\t\t\t\t\t\t\t\t\t\t<img fetchpriority=\"high\" decoding=\"async\" width=\"497\" height=\"499\" src=\"https:\/\/realpix.fr\/fic\/wp-content\/uploads\/2025\/08\/bg7.jpg\" class=\"attachment-full size-full wp-image-679\" alt=\"\" srcset=\"https:\/\/realpix.fr\/fic\/wp-content\/uploads\/2025\/08\/bg7.jpg 497w, https:\/\/realpix.fr\/fic\/wp-content\/uploads\/2025\/08\/bg7-300x300.jpg 300w, https:\/\/realpix.fr\/fic\/wp-content\/uploads\/2025\/08\/bg7-150x150.jpg 150w\" sizes=\"(max-width: 497px) 100vw, 497px\" \/>\t\t\t\t\t\t\t\t\t\t\t\t\t\t\t<\/div>\n\t\t\t\t<\/div>\n\t\t\t\t<\/div>\n\t\t\t\t<\/div>\n\t\t\t\t\t<\/div>\n\t\t\t\t<\/div>\n\t\t<div class=\"elementor-element elementor-element-c239f02 e-flex e-con-boxed e-con e-parent\" data-id=\"c239f02\" data-element_type=\"container\" data-settings=\"{&quot;background_background&quot;:&quot;classic&quot;}\">\n\t\t\t\t\t<div class=\"e-con-inner\">\n\t\t<div class=\"elementor-element elementor-element-4306b4d e-con-full e-flex e-con e-child\" data-id=\"4306b4d\" data-element_type=\"container\">\n\t\t<div class=\"elementor-element elementor-element-bc8dbc6 e-con-full e-flex e-con e-child\" data-id=\"bc8dbc6\" data-element_type=\"container\">\n\t\t<div class=\"elementor-element elementor-element-fba0ac2 e-con-full e-flex e-con e-child\" data-id=\"fba0ac2\" data-element_type=\"container\">\n\t\t\t\t<div class=\"elementor-element elementor-element-f283d32 ep-parallax-effects-yes elementor-invisible elementor-widget elementor-widget-image\" data-id=\"f283d32\" data-element_type=\"widget\" data-settings=\"{&quot;ep_parallax_effects_show&quot;:&quot;yes&quot;,&quot;ep_parallax_effects_y&quot;:&quot;yes&quot;,&quot;ep_parallax_effects_y_start&quot;:{&quot;unit&quot;:&quot;px&quot;,&quot;size&quot;:40,&quot;sizes&quot;:[]},&quot;ep_parallax_effects_y_end&quot;:{&quot;unit&quot;:&quot;px&quot;,&quot;size&quot;:-40,&quot;sizes&quot;:[]},&quot;_animation_delay&quot;:300,&quot;_animation&quot;:&quot;fadeInUp&quot;,&quot;ep_parallax_effects_rotate_start&quot;:{&quot;unit&quot;:&quot;px&quot;,&quot;size&quot;:&quot;&quot;,&quot;sizes&quot;:[]},&quot;ep_parallax_effects_rotate_end&quot;:{&quot;unit&quot;:&quot;px&quot;,&quot;size&quot;:&quot;&quot;,&quot;sizes&quot;:[]},&quot;ep_parallax_effects_scale_start&quot;:{&quot;unit&quot;:&quot;px&quot;,&quot;size&quot;:1,&quot;sizes&quot;:[]},&quot;ep_parallax_effects_scale_end&quot;:{&quot;unit&quot;:&quot;px&quot;,&quot;size&quot;:1,&quot;sizes&quot;:[]},&quot;ep_parallax_effects_hue_value&quot;:{&quot;unit&quot;:&quot;px&quot;,&quot;size&quot;:&quot;&quot;,&quot;sizes&quot;:[]},&quot;ep_parallax_effects_sepia_value&quot;:{&quot;unit&quot;:&quot;px&quot;,&quot;size&quot;:1,&quot;sizes&quot;:[]},&quot;ep_parallax_effects_easing_value&quot;:{&quot;unit&quot;:&quot;px&quot;,&quot;size&quot;:1,&quot;sizes&quot;:[]},&quot;ep_parallax_effects_target&quot;:&quot;self&quot;}\" data-widget_type=\"image.default\">\n\t\t\t\t\t\t\t\t\t\t\t\t\t\t\t<img decoding=\"async\" width=\"487\" height=\"490\" src=\"https:\/\/realpix.fr\/fic\/wp-content\/uploads\/2025\/08\/qui1.png\" class=\"attachment-large size-large wp-image-706\" alt=\"\" srcset=\"https:\/\/realpix.fr\/fic\/wp-content\/uploads\/2025\/08\/qui1.png 487w, https:\/\/realpix.fr\/fic\/wp-content\/uploads\/2025\/08\/qui1-298x300.png 298w, https:\/\/realpix.fr\/fic\/wp-content\/uploads\/2025\/08\/qui1-150x150.png 150w\" sizes=\"(max-width: 487px) 100vw, 487px\" \/>\t\t\t\t\t\t\t\t\t\t\t\t\t\t\t<\/div>\n\t\t\t\t<\/div>\n\t\t<div class=\"elementor-element elementor-element-c9ca628 e-con-full e-flex e-con e-child\" data-id=\"c9ca628\" data-element_type=\"container\">\n\t\t\t\t<div class=\"elementor-element elementor-element-6d2bd14 elementor-widget elementor-widget-text-editor\" data-id=\"6d2bd14\" data-element_type=\"widget\" data-widget_type=\"text-editor.default\">\n\t\t\t\t\t\t\t\t\t<p>\u00c0 travers nos actions, nous accompagnons chacun \u00e0 d\u00e9velopper un <strong>regard critique<\/strong>, <strong>cr\u00e9atif<\/strong> et <strong>conscient sur le monde qui l\u2019entoure<\/strong>.<\/p><p>Nous sommes convaincus que l\u2019image est <strong>un puissant vecteur d\u2019expression<\/strong>, <strong>d\u2019\u00e9mancipation<\/strong> et <strong>de dialogue social<\/strong>. Notre expertise est mise au service de toutes celles et ceux qui souhaitent mieux comprendre, produire et analyser les images et m\u00e9dias contemporains, afin d\u2019en faire des outils d\u2019engagement et de transformation sociale.\u00a0 Elle offre un espace ouvert \u00e0 tous, et plus particuli\u00e8rement <strong>aux jeunes des quartiers prioritaires<\/strong>, pour s\u2019ouvrir, \u00e9largir leurs r\u00e9seaux et d\u00e9passer les fronti\u00e8res habituelles.<\/p><p>La Fabrique forme aux <strong>techniques audiovisuelles<\/strong> \u2014 tournage, montage, r\u00e9alisation \u2014 dans une d\u00e9marche d\u2019\u00e9ducation populaire et de m\u00e9diation culturelle. Elle propose des ateliers r\u00e9guliers favorisant la participation collective et utilise <strong>un plateau TV<\/strong> pour <strong>produire des \u00e9missions<\/strong>, amplifiant ainsi <strong>l\u2019impact citoyen des jeunes participants<\/strong>.<\/p>\t\t\t\t\t\t\t\t<\/div>\n\t\t\t\t<\/div>\n\t\t\t\t<\/div>\n\t\t\t\t<\/div>\n\t\t\t\t\t<\/div>\n\t\t\t\t<\/div>\n\t\t<div class=\"elementor-element elementor-element-4d93962 e-flex e-con-boxed e-con e-parent\" data-id=\"4d93962\" data-element_type=\"container\">\n\t\t\t\t\t<div class=\"e-con-inner\">\n\t\t<div class=\"elementor-element elementor-element-9ee06ba e-con-full e-flex e-con e-child\" data-id=\"9ee06ba\" data-element_type=\"container\">\n\t\t\t\t<div class=\"elementor-element elementor-element-c972868  ui-split-animate ui-splitby-chars elementor-widget elementor-widget-heading\" data-id=\"c972868\" data-element_type=\"widget\" data-settings=\"{&quot;ui_animate_split&quot;:&quot;ui-split-animate&quot;,&quot;ui_animate_split_by&quot;:&quot;chars&quot;,&quot;ui_animate_split_style&quot;:&quot;fadeInUp&quot;}\" data-widget_type=\"heading.default\">\n\t\t\t\t\t<h2 class=\"elementor-heading-title elementor-size-default\">Ses objectifs sont multiples :<\/h2>\t\t\t\t<\/div>\n\t\t\t\t<div class=\"elementor-element elementor-element-1f7493e elementor-widget-divider--view-line elementor-widget elementor-widget-divider\" data-id=\"1f7493e\" data-element_type=\"widget\" data-widget_type=\"divider.default\">\n\t\t\t\t\t\t\t<div class=\"elementor-divider\">\n\t\t\t<span class=\"elementor-divider-separator\">\n\t\t\t\t\t\t<\/span>\n\t\t<\/div>\n\t\t\t\t\t\t<\/div>\n\t\t\t\t<div class=\"elementor-element elementor-element-d183fb1 elementor-align-left elementor-icon-list--layout-traditional elementor-list-item-link-full_width elementor-widget elementor-widget-icon-list\" data-id=\"d183fb1\" data-element_type=\"widget\" data-widget_type=\"icon-list.default\">\n\t\t\t\t\t\t\t<ul class=\"elementor-icon-list-items\">\n\t\t\t\t\t\t\t<li class=\"elementor-icon-list-item\">\n\t\t\t\t\t\t\t\t\t\t\t<span class=\"elementor-icon-list-icon\">\n\t\t\t\t\t\t\t<i aria-hidden=\"true\" class=\"ti ti-check\"><\/i>\t\t\t\t\t\t<\/span>\n\t\t\t\t\t\t\t\t\t\t<span class=\"elementor-icon-list-text\">D\u00e9velopper les comp\u00e9tences techniques et critiques des jeunes<\/span>\n\t\t\t\t\t\t\t\t\t<\/li>\n\t\t\t\t\t\t\t\t<li class=\"elementor-icon-list-item\">\n\t\t\t\t\t\t\t\t\t\t\t<span class=\"elementor-icon-list-icon\">\n\t\t\t\t\t\t\t<i aria-hidden=\"true\" class=\"ti ti-check\"><\/i>\t\t\t\t\t\t<\/span>\n\t\t\t\t\t\t\t\t\t\t<span class=\"elementor-icon-list-text\">Renforcer leur inclusion sociale<\/span>\n\t\t\t\t\t\t\t\t\t<\/li>\n\t\t\t\t\t\t\t\t<li class=\"elementor-icon-list-item\">\n\t\t\t\t\t\t\t\t\t\t\t<span class=\"elementor-icon-list-icon\">\n\t\t\t\t\t\t\t<i aria-hidden=\"true\" class=\"ti ti-check\"><\/i>\t\t\t\t\t\t<\/span>\n\t\t\t\t\t\t\t\t\t\t<span class=\"elementor-icon-list-text\">Promouvoir leur participation active \u00e0 la vie locale et citoyenne<\/span>\n\t\t\t\t\t\t\t\t\t<\/li>\n\t\t\t\t\t\t<\/ul>\n\t\t\t\t\t\t<\/div>\n\t\t\t\t<div class=\"elementor-element elementor-element-3aac785 elementor-widget__width-auto elementor-absolute animated-fast elementor-hidden-tablet elementor-hidden-mobile ep-parallax-effects-yes elementor-invisible elementor-widget elementor-widget-image\" data-id=\"3aac785\" data-element_type=\"widget\" data-settings=\"{&quot;_position&quot;:&quot;absolute&quot;,&quot;_animation&quot;:&quot;zoomIn&quot;,&quot;_animation_delay&quot;:500,&quot;ep_parallax_effects_show&quot;:&quot;yes&quot;,&quot;ep_parallax_effects_y&quot;:&quot;yes&quot;,&quot;ep_parallax_effects_y_start&quot;:{&quot;unit&quot;:&quot;px&quot;,&quot;size&quot;:30,&quot;sizes&quot;:[]},&quot;ep_parallax_effects_y_end&quot;:{&quot;unit&quot;:&quot;px&quot;,&quot;size&quot;:-30,&quot;sizes&quot;:[]},&quot;ep_parallax_effects_rotate_start&quot;:{&quot;unit&quot;:&quot;px&quot;,&quot;size&quot;:&quot;&quot;,&quot;sizes&quot;:[]},&quot;ep_parallax_effects_rotate_end&quot;:{&quot;unit&quot;:&quot;px&quot;,&quot;size&quot;:&quot;&quot;,&quot;sizes&quot;:[]},&quot;ep_parallax_effects_scale_start&quot;:{&quot;unit&quot;:&quot;px&quot;,&quot;size&quot;:1,&quot;sizes&quot;:[]},&quot;ep_parallax_effects_scale_end&quot;:{&quot;unit&quot;:&quot;px&quot;,&quot;size&quot;:1,&quot;sizes&quot;:[]},&quot;ep_parallax_effects_hue_value&quot;:{&quot;unit&quot;:&quot;px&quot;,&quot;size&quot;:&quot;&quot;,&quot;sizes&quot;:[]},&quot;ep_parallax_effects_sepia_value&quot;:{&quot;unit&quot;:&quot;px&quot;,&quot;size&quot;:1,&quot;sizes&quot;:[]},&quot;ep_parallax_effects_easing_value&quot;:{&quot;unit&quot;:&quot;px&quot;,&quot;size&quot;:1,&quot;sizes&quot;:[]},&quot;ep_parallax_effects_target&quot;:&quot;self&quot;}\" data-widget_type=\"image.default\">\n\t\t\t\t\t\t\t\t\t\t\t\t\t\t\t<img decoding=\"async\" width=\"39\" height=\"43\" src=\"https:\/\/realpix.fr\/fic\/wp-content\/uploads\/2022\/07\/triangle.png\" class=\"attachment-full size-full wp-image-202\" alt=\"\" \/>\t\t\t\t\t\t\t\t\t\t\t\t\t\t\t<\/div>\n\t\t\t\t<div class=\"elementor-element elementor-element-1faa9e1 elementor-widget elementor-widget-text-editor\" data-id=\"1faa9e1\" data-element_type=\"widget\" data-widget_type=\"text-editor.default\">\n\t\t\t\t\t\t\t\t\t<p>La Fabrique d\u2019Images Citoyennes est un lieu de cr\u00e9ation, d\u2019\u00e9change et d\u2019\u00e9mancipation par l\u2019image, o\u00f9 chaque jeune peut s\u2019exprimer, t\u00e9moigner et contribuer \u00e0 la construction d\u2019un regard critique sur le monde.<\/p>\t\t\t\t\t\t\t\t<\/div>\n\t\t\t\t<\/div>\n\t\t<div class=\"elementor-element elementor-element-8458c9c e-con-full e-flex elementor-invisible e-con e-child\" data-id=\"8458c9c\" data-element_type=\"container\" data-settings=\"{&quot;animation&quot;:&quot;fadeInRight&quot;}\">\n\t\t\t\t<div class=\"elementor-element elementor-element-c9463a5 elementor-widget__width-initial elementor-widget-tablet__width-initial elementor-widget elementor-widget-image\" data-id=\"c9463a5\" data-element_type=\"widget\" data-widget_type=\"image.default\">\n\t\t\t\t\t\t\t\t\t\t\t\t\t\t\t<img loading=\"lazy\" decoding=\"async\" width=\"650\" height=\"488\" src=\"https:\/\/realpix.fr\/fic\/wp-content\/uploads\/2025\/07\/qui2.jpg\" class=\"attachment-full size-full wp-image-379\" alt=\"\" srcset=\"https:\/\/realpix.fr\/fic\/wp-content\/uploads\/2025\/07\/qui2.jpg 650w, https:\/\/realpix.fr\/fic\/wp-content\/uploads\/2025\/07\/qui2-300x225.jpg 300w\" sizes=\"(max-width: 650px) 100vw, 650px\" \/>\t\t\t\t\t\t\t\t\t\t\t\t\t\t\t<\/div>\n\t\t\t\t<div class=\"elementor-element elementor-element-01a4dd0 elementor-absolute elementor-widget elementor-widget-image\" data-id=\"01a4dd0\" data-element_type=\"widget\" data-settings=\"{&quot;_position&quot;:&quot;absolute&quot;}\" data-widget_type=\"image.default\">\n\t\t\t\t\t\t\t\t\t\t\t\t\t\t\t<img loading=\"lazy\" decoding=\"async\" width=\"465\" height=\"465\" src=\"https:\/\/realpix.fr\/fic\/wp-content\/uploads\/2025\/07\/vault-insurance-about-accent-image-2.webp\" class=\"attachment-full size-full wp-image-294\" alt=\"\" srcset=\"https:\/\/realpix.fr\/fic\/wp-content\/uploads\/2025\/07\/vault-insurance-about-accent-image-2.webp 465w, https:\/\/realpix.fr\/fic\/wp-content\/uploads\/2025\/07\/vault-insurance-about-accent-image-2-300x300.webp 300w, https:\/\/realpix.fr\/fic\/wp-content\/uploads\/2025\/07\/vault-insurance-about-accent-image-2-150x150.webp 150w\" sizes=\"(max-width: 465px) 100vw, 465px\" \/>\t\t\t\t\t\t\t\t\t\t\t\t\t\t\t<\/div>\n\t\t\t\t<\/div>\n\t\t\t\t\t<\/div>\n\t\t\t\t<\/div>\n\t\t<div class=\"elementor-element elementor-element-fa4fd76 e-flex e-con-boxed e-con e-parent\" data-id=\"fa4fd76\" data-element_type=\"container\" data-settings=\"{&quot;background_background&quot;:&quot;classic&quot;}\">\n\t\t\t\t\t<div class=\"e-con-inner\">\n\t\t<div class=\"elementor-element elementor-element-3cff4fb e-con-full e-flex e-con e-child\" data-id=\"3cff4fb\" data-element_type=\"container\">\n\t\t\t\t<div class=\"elementor-element elementor-element-e200f32  ui-split-animate ui-splitby-chars elementor-widget elementor-widget-heading\" data-id=\"e200f32\" data-element_type=\"widget\" data-settings=\"{&quot;ui_animate_split&quot;:&quot;ui-split-animate&quot;,&quot;ui_animate_split_by&quot;:&quot;chars&quot;,&quot;ui_animate_split_style&quot;:&quot;fadeInUp&quot;}\" data-widget_type=\"heading.default\">\n\t\t\t\t\t<h2 class=\"elementor-heading-title elementor-size-default\">Le saviez-vous ?<\/h2>\t\t\t\t<\/div>\n\t\t\t\t<div class=\"elementor-element elementor-element-b65397b elementor-widget-divider--view-line elementor-widget elementor-widget-divider\" data-id=\"b65397b\" data-element_type=\"widget\" data-widget_type=\"divider.default\">\n\t\t\t\t\t\t\t<div class=\"elementor-divider\">\n\t\t\t<span class=\"elementor-divider-separator\">\n\t\t\t\t\t\t<\/span>\n\t\t<\/div>\n\t\t\t\t\t\t<\/div>\n\t\t\t\t<div class=\"elementor-element elementor-element-9a94563 elementor-widget elementor-widget-text-editor\" data-id=\"9a94563\" data-element_type=\"widget\" data-widget_type=\"text-editor.default\">\n\t\t\t\t\t\t\t\t\t<p><strong>WantedTV<\/strong> est un projet embl\u00e9matique de la Fabrique d\u2019Images Citoyennes. M\u00e9dia de proximit\u00e9 et web-TV, WantedTV offre une tribune libre aux habitants, aux jeunes et aux acteurs locaux. \u00c0 travers interviews, reportages et cr\u00e9ations audiovisuelles, elle cr\u00e9e un espace d\u2019expression citoyenne, ludique et engag\u00e9. Ce m\u00e9dia permet \u00e0 chacun de d\u00e9couvrir les m\u00e9dias tout en valorisant la parole de tous, dans un esprit de partage et d\u2019inclusion.<\/p>\t\t\t\t\t\t\t\t<\/div>\n\t\t\t\t<\/div>\n\t\t<div class=\"elementor-element elementor-element-3cc4dac e-con-full e-flex e-con e-child\" data-id=\"3cc4dac\" data-element_type=\"container\">\n\t\t\t\t<div class=\"elementor-element elementor-element-6684cf1  ui-split-animate ui-splitby-chars elementor-widget elementor-widget-heading\" data-id=\"6684cf1\" data-element_type=\"widget\" data-settings=\"{&quot;ui_animate_split&quot;:&quot;ui-split-animate&quot;,&quot;ui_animate_split_by&quot;:&quot;chars&quot;,&quot;ui_animate_split_style&quot;:&quot;fadeInUp&quot;}\" data-widget_type=\"heading.default\">\n\t\t\t\t\t<h2 class=\"elementor-heading-title elementor-size-default\">Une reconnaissance officielle<\/h2>\t\t\t\t<\/div>\n\t\t\t\t<div class=\"elementor-element elementor-element-041fd04 elementor-widget-divider--view-line elementor-widget elementor-widget-divider\" data-id=\"041fd04\" data-element_type=\"widget\" data-widget_type=\"divider.default\">\n\t\t\t\t\t\t\t<div class=\"elementor-divider\">\n\t\t\t<span class=\"elementor-divider-separator\">\n\t\t\t\t\t\t<\/span>\n\t\t<\/div>\n\t\t\t\t\t\t<\/div>\n\t\t\t\t<div class=\"elementor-element elementor-element-7b74c9a elementor-widget elementor-widget-text-editor\" data-id=\"7b74c9a\" data-element_type=\"widget\" data-widget_type=\"text-editor.default\">\n\t\t\t\t\t\t\t\t\t<p>Nous sommes fiers d\u2019annoncer que <strong>WantedTV a re<\/strong><strong>\u00e7u le Prix \u00c9ducation aux M\u00e9dias et \u00e0 l<\/strong><strong>\u2019<\/strong><strong>Information (EMI)<\/strong> aux <strong>Assises du Journalisme 2025<\/strong>, une reconnaissance majeure qui souligne la qualit\u00e9 et l\u2019impact p\u00e9dagogique de notre travail.<\/p>\t\t\t\t\t\t\t\t<\/div>\n\t\t\t\t<div class=\"elementor-element elementor-element-eef8e00 elementor-position-left elementor-vertical-align-middle elementor-widget__width-auto elementor-absolute bdt-icon-type-icon bdt-icon-effect-none elementor-invisible elementor-widget elementor-widget-bdt-advanced-icon-box\" data-id=\"eef8e00\" data-element_type=\"widget\" data-settings=\"{&quot;_position&quot;:&quot;absolute&quot;,&quot;_animation&quot;:&quot;fadeInUp&quot;,&quot;_animation_delay&quot;:300}\" data-widget_type=\"bdt-advanced-icon-box.default\">\n\t\t\t\t\t\t\t<div class=\"bdt-ep-advanced-icon-box\">\n\n\t\t\t\t\t\t\t\n\t\t\t\t\t<div class=\"bdt-ep-advanced-icon-box-icon\">\n\t\t\t\t<span class=\"bdt-ep-advanced-icon-box-icon-wrap\">\n\n\n\t\t\t\t\t\n\t\t\t\t\t\t<i aria-hidden=\"true\" class=\"ti ti-check\"><\/i>\n\n\t\t\t\t\t\t\t\t\t<\/span>\n\t\t\t<\/div>\n\t\t\n\t\t\t\t\n\t\t\t<div class=\"bdt-ep-advanced-icon-box-content\">\n\n\t\t\t\t\t\t\t\t\t\n\t\t\t\t\t<h3 class=\"bdt-ep-advanced-icon-box-title ep-title-\">\n\t\t\t\t<span >\n\t\t\t\t\tPlus d'infos :\t\t\t\t<\/span>\n\t\t\t<\/h3>\n\t\t\n\n\t\t\n\t\t\t\t\t\n\t\t\t\t\n\t\t\t\t\t\t\t\t\t<div class=\"bdt-ep-advanced-icon-box-description\">\n\t\t\t\t\t\t<p><a href=\"http:\/\/www.wantedtv.fr\" target=\"_blank\" rel=\"noopener\">www.wantedtv.fr<\/a><\/p>\t\t\t\t\t<\/div>\n\t\t\t\t\n\t\t\t\t\t\t\t<\/div>\n\t\t<\/div>\n\n\t\t\n\t\t\n\t\t\t\t<\/div>\n\t\t\t\t<\/div>\n\t\t\t\t\t<\/div>\n\t\t\t\t<\/div>\n\t\t\t\t<\/div>\n\t\t","protected":false},"excerpt":{"rendered":"<p>Qui sommes-nous ? &#8211; Notre philosophie La Fabrique d\u2019Images Citoyennes est un projet phare de Prod&rsquo;Cit\u00e9, une association culturelle implant\u00e9e \u00e0 Tours [&hellip;]<\/p>\n","protected":false},"author":1,"featured_media":0,"parent":0,"menu_order":0,"comment_status":"closed","ping_status":"closed","template":"elementor_header_footer","meta":{"footnotes":""},"class_list":["post-240","page","type-page","status-publish","hentry"],"_links":{"self":[{"href":"https:\/\/realpix.fr\/fic\/wp-json\/wp\/v2\/pages\/240","targetHints":{"allow":["GET"]}}],"collection":[{"href":"https:\/\/realpix.fr\/fic\/wp-json\/wp\/v2\/pages"}],"about":[{"href":"https:\/\/realpix.fr\/fic\/wp-json\/wp\/v2\/types\/page"}],"author":[{"embeddable":true,"href":"https:\/\/realpix.fr\/fic\/wp-json\/wp\/v2\/users\/1"}],"replies":[{"embeddable":true,"href":"https:\/\/realpix.fr\/fic\/wp-json\/wp\/v2\/comments?post=240"}],"version-history":[{"count":149,"href":"https:\/\/realpix.fr\/fic\/wp-json\/wp\/v2\/pages\/240\/revisions"}],"predecessor-version":[{"id":979,"href":"https:\/\/realpix.fr\/fic\/wp-json\/wp\/v2\/pages\/240\/revisions\/979"}],"wp:attachment":[{"href":"https:\/\/realpix.fr\/fic\/wp-json\/wp\/v2\/media?parent=240"}],"curies":[{"name":"wp","href":"https:\/\/api.w.org\/{rel}","templated":true}]}}